{"id":1751,"date":"2018-07-24T11:10:03","date_gmt":"2018-07-24T11:10:03","guid":{"rendered":"http:\/\/www.debomarti.com\/?page_id=1751"},"modified":"2018-09-03T09:17:43","modified_gmt":"2018-09-03T09:17:43","slug":"sortijas-de-compromiso","status":"publish","type":"page","link":"https:\/\/www.ernestoriol.com\/index.php\/sortijas-de-compromiso\/","title":{"rendered":"SORTIJAS"},"content":{"rendered":"<p>[vc_row full_width=\u00bbstretch_row_content\u00bb][vc_column][vc_single_image image=\u00bb1771&#8243; img_size=\u00bbfull\u00bb][\/vc_column][\/vc_row][vc_row full_width=\u00bbstretch_row\u00bb css=\u00bb.vc_custom_1519280097234{background-color: #e0dacc !important;}\u00bb][vc_column][vc_custom_heading text=\u00bbTRADICI\u00d3N DESDE 1951&#8243; font_container=\u00bbtag:h5|text_align:center\u00bb use_theme_fonts=\u00bbyes\u00bb][vc_column_text]<\/p>\n<p style=\"text-align: center;\">Cada joya es una pieza \u00fanica concebida y creada para cada ocasi\u00f3n, para cada persona. Nuestra firma es sin\u00f3nimo de exclusividad y calidad desde 1951<\/p>\n<p>[\/vc_column_text][\/vc_column][\/vc_row][vc_row][vc_column width=\u00bb1\/3&#8243;][vc_single_image image=\u00bb1753&#8243; img_size=\u00bb708&#215;710&#8243;][vc_column_text]Sortija en oro blanco con un Rub\u00ed y Diamantes talla Pera[\/vc_column_text][\/vc_column][vc_column width=\u00bb1\/3&#8243;][vc_single_image image=\u00bb1752&#8243; img_size=\u00bb708&#215;710&#8243;][vc_column_text]Sortija en oro blanco con una Rubelita y Diamantes talla Brillante.[\/vc_column_text][\/vc_column][vc_column width=\u00bb1\/3&#8243;][vc_single_image image=\u00bb1755&#8243; img_size=\u00bb708&#215;710&#8243;][vc_column_text]Sortija en oro blanco con una Esmeralda y Diamantes talla Esmeralda[\/vc_column_text][\/vc_column][\/vc_row][vc_row][vc_column width=\u00bb1\/3&#8243;][vc_single_image image=\u00bb1754&#8243; img_size=\u00bb708&#215;710&#8243;][vc_column_text]Sortija en oro blanco con un Agua Marina y Diamantes talla Brillante[\/vc_column_text][\/vc_column][vc_column width=\u00bb1\/3&#8243;][vc_single_image image=\u00bb1759&#8243; img_size=\u00bb708&#215;710&#8243;][vc_column_text]Sortija en oro blanco con un Zafiro y Diamantes talla Esmeralda[\/vc_column_text][\/vc_column][vc_column width=\u00bb1\/3&#8243;][vc_single_image image=\u00bb1757&#8243; img_size=\u00bb708&#215;710&#8243;][vc_column_text]Sortija en oro blanco con una Tanzanita y Diamantes talla Brillante[\/vc_column_text][\/vc_column][\/vc_row][vc_row][vc_column width=\u00bb1\/3&#8243;][vc_single_image image=\u00bb1758&#8243; img_size=\u00bb708&#215;710&#8243;][vc_column_text]Sortija en oro amarillo con un Citrino, Peridotos y Diamantes talla Brillante[\/vc_column_text][\/vc_column][vc_column width=\u00bb1\/3&#8243;][vc_single_image image=\u00bb1756&#8243; img_size=\u00bb708&#215;710&#8243;][vc_column_text]Sortija en oro rosa con un Diamante talla Pera y Brillantes[\/vc_column_text][\/vc_column][\/vc_row]<\/p>\n","protected":false},"excerpt":{"rendered":"<p>[vc_row full_width=\u00bbstretch_row_content\u00bb][vc_column][vc_single_image image=\u00bb1771&#8243; img_size=\u00bbfull\u00bb][\/vc_column][\/vc_row][vc_row full_width=\u00bbstretch_row\u00bb css=\u00bb.vc_custom_1519280097234{background-color: #e0dacc !important;}\u00bb][vc_column][vc_custom_heading text=\u00bbTRADICI\u00d3N DESDE 1951&#8243; font_container=\u00bbtag:h5|text_align:center\u00bb use_theme_fonts=\u00bbyes\u00bb][vc_column_text] Cada joya es una pieza \u00fanica concebida y creada para cada ocasi\u00f3n, para cada persona. Nuestra firma es sin\u00f3nimo de exclusividad y calidad desde 1951 [\/vc_column_text][\/vc_column][\/vc_row][vc_row][vc_column width=\u00bb1\/3&#8243;][vc_single_image image=\u00bb1753&#8243; img_size=\u00bb708&#215;710&#8243;][vc_column_text]Sortija en oro blanco con un Rub\u00ed y Diamantes talla Pera[\/vc_column_text][\/vc_column][vc_column width=\u00bb1\/3&#8243;][vc_single_image image=\u00bb1752&#8243; img_size=\u00bb708&#215;710&#8243;][vc_column_text]Sortija en oro blanco con una Rubelita y Diamantes talla Brillante.[\/vc_column_text][\/vc_column][vc_column width=\u00bb1\/3&#8243;][vc_single_image image=\u00bb1755&#8243; img_size=\u00bb708&#215;710&#8243;][vc_column_text]Sortija en oro blanco con una Esmeralda y&hellip;<\/p>\n","protected":false},"author":4,"featured_media":0,"parent":0,"menu_order":0,"comment_status":"closed","ping_status":"closed","template":"","meta":{"_mi_skip_tracking":false},"acf":[],"yoast_head":"<!-- This site is optimized with the Yoast SEO plugin v19.7.1 - https:\/\/yoast.com\/wordpress\/plugins\/seo\/ -->\n<title>SORTIJAS - Ernest Oriol<\/title>\n<meta name=\"robots\" content=\"index, follow, max-snippet:-1, max-image-preview:large, max-video-preview:-1\" \/>\n<link rel=\"canonical\" href=\"https:\/\/www.ernestoriol.com\/index.php\/sortijas-de-compromiso\/\" \/>\n<meta property=\"og:locale\" content=\"es_ES\" \/>\n<meta property=\"og:type\" content=\"article\" \/>\n<meta property=\"og:title\" content=\"SORTIJAS - Ernest Oriol\" \/>\n<meta property=\"og:description\" content=\"[vc_row full_width=\u00bbstretch_row_content\u00bb][vc_column][vc_single_image image=\u00bb1771&#8243; img_size=\u00bbfull\u00bb][\/vc_column][\/vc_row][vc_row full_width=\u00bbstretch_row\u00bb css=\u00bb.vc_custom_1519280097234{background-color: #e0dacc !important;}\u00bb][vc_column][vc_custom_heading text=\u00bbTRADICI\u00d3N DESDE 1951&#8243; font_container=\u00bbtag:h5|text_align:center\u00bb use_theme_fonts=\u00bbyes\u00bb][vc_column_text] Cada joya es una pieza \u00fanica concebida y creada para cada ocasi\u00f3n, para cada persona. Nuestra firma es sin\u00f3nimo de exclusividad y calidad desde 1951 [\/vc_column_text][\/vc_column][\/vc_row][vc_row][vc_column width=\u00bb1\/3&#8243;][vc_single_image image=\u00bb1753&#8243; img_size=\u00bb708&#215;710&#8243;][vc_column_text]Sortija en oro blanco con un Rub\u00ed y Diamantes talla Pera[\/vc_column_text][\/vc_column][vc_column width=\u00bb1\/3&#8243;][vc_single_image image=\u00bb1752&#8243; img_size=\u00bb708&#215;710&#8243;][vc_column_text]Sortija en oro blanco con una Rubelita y Diamantes talla Brillante.[\/vc_column_text][\/vc_column][vc_column width=\u00bb1\/3&#8243;][vc_single_image image=\u00bb1755&#8243; img_size=\u00bb708&#215;710&#8243;][vc_column_text]Sortija en oro blanco con una Esmeralda y&hellip;\" \/>\n<meta property=\"og:url\" content=\"https:\/\/www.ernestoriol.com\/index.php\/sortijas-de-compromiso\/\" \/>\n<meta property=\"og:site_name\" content=\"Ernest Oriol\" \/>\n<meta property=\"article:publisher\" content=\"https:\/\/www.facebook.com\/Ernest-Oriol-Joyeros-671836189588065\" \/>\n<meta property=\"article:modified_time\" content=\"2018-09-03T09:17:43+00:00\" \/>\n<meta name=\"twitter:card\" content=\"summary_large_image\" \/>\n<meta name=\"twitter:label1\" content=\"Tiempo de lectura\" \/>\n\t<meta name=\"twitter:data1\" content=\"2 minutos\" \/>\n<script type=\"application\/ld+json\" class=\"yoast-schema-graph\">{\"@context\":\"https:\/\/schema.org\",\"@graph\":[{\"@type\":\"WebPage\",\"@id\":\"https:\/\/www.ernestoriol.com\/index.php\/sortijas-de-compromiso\/\",\"url\":\"https:\/\/www.ernestoriol.com\/index.php\/sortijas-de-compromiso\/\",\"name\":\"SORTIJAS - Ernest Oriol\",\"isPartOf\":{\"@id\":\"https:\/\/www.ernestoriol.com\/#website\"},\"datePublished\":\"2018-07-24T11:10:03+00:00\",\"dateModified\":\"2018-09-03T09:17:43+00:00\",\"breadcrumb\":{\"@id\":\"https:\/\/www.ernestoriol.com\/index.php\/sortijas-de-compromiso\/#breadcrumb\"},\"inLanguage\":\"es\",\"potentialAction\":[{\"@type\":\"ReadAction\",\"target\":[\"https:\/\/www.ernestoriol.com\/index.php\/sortijas-de-compromiso\/\"]}]},{\"@type\":\"BreadcrumbList\",\"@id\":\"https:\/\/www.ernestoriol.com\/index.php\/sortijas-de-compromiso\/#breadcrumb\",\"itemListElement\":[{\"@type\":\"ListItem\",\"position\":1,\"name\":\"Portada\",\"item\":\"https:\/\/www.ernestoriol.com\/\"},{\"@type\":\"ListItem\",\"position\":2,\"name\":\"SORTIJAS\"}]},{\"@type\":\"WebSite\",\"@id\":\"https:\/\/www.ernestoriol.com\/#website\",\"url\":\"https:\/\/www.ernestoriol.com\/\",\"name\":\"Ernest Oriol\",\"description\":\"Joyer\u00eda, brillantes, brillantes y piedras preciosas\",\"potentialAction\":[{\"@type\":\"SearchAction\",\"target\":{\"@type\":\"EntryPoint\",\"urlTemplate\":\"https:\/\/www.ernestoriol.com\/?s={search_term_string}\"},\"query-input\":\"required name=search_term_string\"}],\"inLanguage\":\"es\"}]}<\/script>\n<!-- \/ Yoast SEO plugin. -->","yoast_head_json":{"title":"SORTIJAS - Ernest Oriol","robots":{"index":"index","follow":"follow","max-snippet":"max-snippet:-1","max-image-preview":"max-image-preview:large","max-video-preview":"max-video-preview:-1"},"canonical":"https:\/\/www.ernestoriol.com\/index.php\/sortijas-de-compromiso\/","og_locale":"es_ES","og_type":"article","og_title":"SORTIJAS - Ernest Oriol","og_description":"[vc_row full_width=\u00bbstretch_row_content\u00bb][vc_column][vc_single_image image=\u00bb1771&#8243; img_size=\u00bbfull\u00bb][\/vc_column][\/vc_row][vc_row full_width=\u00bbstretch_row\u00bb css=\u00bb.vc_custom_1519280097234{background-color: #e0dacc !important;}\u00bb][vc_column][vc_custom_heading text=\u00bbTRADICI\u00d3N DESDE 1951&#8243; font_container=\u00bbtag:h5|text_align:center\u00bb use_theme_fonts=\u00bbyes\u00bb][vc_column_text] Cada joya es una pieza \u00fanica concebida y creada para cada ocasi\u00f3n, para cada persona. Nuestra firma es sin\u00f3nimo de exclusividad y calidad desde 1951 [\/vc_column_text][\/vc_column][\/vc_row][vc_row][vc_column width=\u00bb1\/3&#8243;][vc_single_image image=\u00bb1753&#8243; img_size=\u00bb708&#215;710&#8243;][vc_column_text]Sortija en oro blanco con un Rub\u00ed y Diamantes talla Pera[\/vc_column_text][\/vc_column][vc_column width=\u00bb1\/3&#8243;][vc_single_image image=\u00bb1752&#8243; img_size=\u00bb708&#215;710&#8243;][vc_column_text]Sortija en oro blanco con una Rubelita y Diamantes talla Brillante.[\/vc_column_text][\/vc_column][vc_column width=\u00bb1\/3&#8243;][vc_single_image image=\u00bb1755&#8243; img_size=\u00bb708&#215;710&#8243;][vc_column_text]Sortija en oro blanco con una Esmeralda y&hellip;","og_url":"https:\/\/www.ernestoriol.com\/index.php\/sortijas-de-compromiso\/","og_site_name":"Ernest Oriol","article_publisher":"https:\/\/www.facebook.com\/Ernest-Oriol-Joyeros-671836189588065","article_modified_time":"2018-09-03T09:17:43+00:00","twitter_card":"summary_large_image","twitter_misc":{"Tiempo de lectura":"2 minutos"},"schema":{"@context":"https:\/\/schema.org","@graph":[{"@type":"WebPage","@id":"https:\/\/www.ernestoriol.com\/index.php\/sortijas-de-compromiso\/","url":"https:\/\/www.ernestoriol.com\/index.php\/sortijas-de-compromiso\/","name":"SORTIJAS - Ernest Oriol","isPartOf":{"@id":"https:\/\/www.ernestoriol.com\/#website"},"datePublished":"2018-07-24T11:10:03+00:00","dateModified":"2018-09-03T09:17:43+00:00","breadcrumb":{"@id":"https:\/\/www.ernestoriol.com\/index.php\/sortijas-de-compromiso\/#breadcrumb"},"inLanguage":"es","potentialAction":[{"@type":"ReadAction","target":["https:\/\/www.ernestoriol.com\/index.php\/sortijas-de-compromiso\/"]}]},{"@type":"BreadcrumbList","@id":"https:\/\/www.ernestoriol.com\/index.php\/sortijas-de-compromiso\/#breadcrumb","itemListElement":[{"@type":"ListItem","position":1,"name":"Portada","item":"https:\/\/www.ernestoriol.com\/"},{"@type":"ListItem","position":2,"name":"SORTIJAS"}]},{"@type":"WebSite","@id":"https:\/\/www.ernestoriol.com\/#website","url":"https:\/\/www.ernestoriol.com\/","name":"Ernest Oriol","description":"Joyer\u00eda, brillantes, brillantes y piedras preciosas","potentialAction":[{"@type":"SearchAction","target":{"@type":"EntryPoint","urlTemplate":"https:\/\/www.ernestoriol.com\/?s={search_term_string}"},"query-input":"required name=search_term_string"}],"inLanguage":"es"}]}},"_links":{"self":[{"href":"https:\/\/www.ernestoriol.com\/index.php\/wp-json\/wp\/v2\/pages\/1751"}],"collection":[{"href":"https:\/\/www.ernestoriol.com\/index.php\/wp-json\/wp\/v2\/pages"}],"about":[{"href":"https:\/\/www.ernestoriol.com\/index.php\/wp-json\/wp\/v2\/types\/page"}],"author":[{"embeddable":true,"href":"https:\/\/www.ernestoriol.com\/index.php\/wp-json\/wp\/v2\/users\/4"}],"replies":[{"embeddable":true,"href":"https:\/\/www.ernestoriol.com\/index.php\/wp-json\/wp\/v2\/comments?post=1751"}],"version-history":[{"count":7,"href":"https:\/\/www.ernestoriol.com\/index.php\/wp-json\/wp\/v2\/pages\/1751\/revisions"}],"predecessor-version":[{"id":1807,"href":"https:\/\/www.ernestoriol.com\/index.php\/wp-json\/wp\/v2\/pages\/1751\/revisions\/1807"}],"wp:attachment":[{"href":"https:\/\/www.ernestoriol.com\/index.php\/wp-json\/wp\/v2\/media?parent=1751"}],"curies":[{"name":"wp","href":"https:\/\/api.w.org\/{rel}","templated":true}]}}